{"id":17,"date":"2024-09-04T23:12:42","date_gmt":"2024-09-04T21:12:42","guid":{"rendered":"https:\/\/ceplangres.fr\/?page_id=17"},"modified":"2024-09-05T23:25:17","modified_gmt":"2024-09-05T21:25:17","slug":"escrime","status":"publish","type":"page","link":"https:\/\/ceplangres.fr\/index.php\/escrime\/","title":{"rendered":"Escrime"},"content":{"rendered":"\n<h2 class=\"wp-block-heading\">L&rsquo;escrime \u00e0 Langres<\/h2>\n\n\n\n<p>Le club d&rsquo;Escrime du Pays de Langres est affili\u00e9 \u00e0 la F\u00e9d\u00e9ration Fran\u00e7aise d&rsquo;Escrime depuis sa refondation en 2005 et \u00e0 la F\u00e9d\u00e9ration fran\u00e7aise de Handisport \u00e0 partir de la rentr\u00e9e 2024.<\/p>\n\n\n\n<blockquote class=\"wp-block-quote is-layout-flow wp-block-quote-is-layout-flow\">\n<p>L\u2019<strong>escrime<\/strong>&nbsp;est un&nbsp;<a href=\"https:\/\/fr.wikipedia.org\/wiki\/Sport_de_combat\">sport de combat<\/a>. Il s\u2019agit de l\u2019<a href=\"https:\/\/fr.wikipedia.org\/wiki\/Art\">art<\/a>&nbsp;de toucher un adversaire avec la pointe ou le tranchant (<a href=\"https:\/\/fr.wikipedia.org\/wiki\/Estoc_et_taille\">estoc et taille<\/a>) d\u2019une&nbsp;<a href=\"https:\/\/fr.wikipedia.org\/wiki\/Arme_blanche\">arme blanche<\/a>&nbsp;sur les parties valables sans \u00eatre touch\u00e9.<\/p>\n\n\n\n<p>On utilise trois types d&rsquo;armes&nbsp;: l\u2019<a href=\"https:\/\/fr.wikipedia.org\/wiki\/%C3%89p%C3%A9e_(escrime)\">\u00e9p\u00e9e<\/a>&nbsp;(discipline olympique depuis&nbsp;<a href=\"https:\/\/fr.wikipedia.org\/wiki\/Jeux_olympiques_de_1896\">1896<\/a>&nbsp;pour les hommes et&nbsp;<a href=\"https:\/\/fr.wikipedia.org\/wiki\/Jeux_olympiques_1996\">1996<\/a>&nbsp;pour les femmes), le&nbsp;<a href=\"https:\/\/fr.wikipedia.org\/wiki\/Sabre_(escrime)\">sabre<\/a>&nbsp;(discipline olympique depuis 1896 pour les hommes et&nbsp;<a href=\"https:\/\/fr.wikipedia.org\/wiki\/Jeux_olympiques_2004\">2004<\/a>&nbsp;pour les femmes) et le&nbsp;<a href=\"https:\/\/fr.wikipedia.org\/wiki\/Fleuret_(escrime)\">fleuret<\/a>&nbsp;(discipline olympique depuis 1896 pour les hommes et&nbsp;<a href=\"https:\/\/fr.wikipedia.org\/wiki\/Jeux_olympiques_d%27%C3%A9t%C3%A9_de_1924\">1924<\/a>&nbsp;pour les femmes). (Wikip\u00e9dia)<\/p>\n<\/blockquote>\n\n\n\n<p>L&rsquo;arme principalement pratiqu\u00e9e au club est le sabre.<\/p>\n\n\n\n<p>Les cours ont lieu tous les vendredis (hors vacances scolaires) de 18h \u00e0 20h et sont encadr\u00e9s par Philippe Camus, Maitre d&rsquo;armes, et Cl\u00e9mence M\u00e9ga, Animatrice. Ils s&rsquo;adressent \u00e0 tous les publics : enfants \u00e0 partir de 7 ans, adolescents, adultes et personnes en situation de handicap. En effet, nous incluons l&rsquo;escrime handisport au sein de nos activit\u00e9 depuis mai 2024.<\/p>\n\n\n\n<p>Il y a \u00e9galement une s\u00e9ance tous les mercredis pour l&rsquo;entrainement au combat en autonomie (pour les plus avanc\u00e9s et les comp\u00e9titeurs).<\/p>\n","protected":false},"excerpt":{"rendered":"<p>L&rsquo;escrime \u00e0 Langres Le club d&rsquo;Escrime du Pays de Langres est affili\u00e9 \u00e0 la F\u00e9d\u00e9ration Fran\u00e7aise d&rsquo;Escrime depuis sa refondation en 2005 et \u00e0 la F\u00e9d\u00e9ration fran\u00e7aise de Handisport \u00e0 partir de la rentr\u00e9e 2024. L\u2019escrime&nbsp;est un&nbsp;sport de combat. Il &hellip; <a href=\"https:\/\/ceplangres.fr\/index.php\/escrime\/\">Continuer la lecture <span class=\"meta-nav\">&rarr;<\/span><\/a><\/p>\n","protected":false},"author":2,"featured_media":18,"parent":0,"menu_order":0,"comment_status":"closed","ping_status":"closed","template":"","meta":{"footnotes":""},"class_list":["post-17","page","type-page","status-publish","has-post-thumbnail","hentry"],"_links":{"self":[{"href":"https:\/\/ceplangres.fr\/index.php\/wp-json\/wp\/v2\/pages\/17","targetHints":{"allow":["GET"]}}],"collection":[{"href":"https:\/\/ceplangres.fr\/index.php\/wp-json\/wp\/v2\/pages"}],"about":[{"href":"https:\/\/ceplangres.fr\/index.php\/wp-json\/wp\/v2\/types\/page"}],"author":[{"embeddable":true,"href":"https:\/\/ceplangres.fr\/index.php\/wp-json\/wp\/v2\/users\/2"}],"replies":[{"embeddable":true,"href":"https:\/\/ceplangres.fr\/index.php\/wp-json\/wp\/v2\/comments?post=17"}],"version-history":[{"count":5,"href":"https:\/\/ceplangres.fr\/index.php\/wp-json\/wp\/v2\/pages\/17\/revisions"}],"predecessor-version":[{"id":34,"href":"https:\/\/ceplangres.fr\/index.php\/wp-json\/wp\/v2\/pages\/17\/revisions\/34"}],"wp:featuredmedia":[{"embeddable":true,"href":"https:\/\/ceplangres.fr\/index.php\/wp-json\/wp\/v2\/media\/18"}],"wp:attachment":[{"href":"https:\/\/ceplangres.fr\/index.php\/wp-json\/wp\/v2\/media?parent=17"}],"curies":[{"name":"wp","href":"https:\/\/api.w.org\/{rel}","templated":true}]}}